{"id":19820,"date":"2023-08-14T21:46:37","date_gmt":"2023-08-14T18:46:37","guid":{"rendered":"https:\/\/naudenaturals.com\/?post_type=product&#038;p=19820"},"modified":"2025-03-19T19:29:14","modified_gmt":"2025-03-19T17:29:14","slug":"seebi-valmistamise-tootuba","status":"publish","type":"product","link":"https:\/\/naudenaturals.com\/en\/seebi-valmistamise-tootuba\/","title":{"rendered":"SOAP MAKING WORKSHOP"},"content":{"rendered":"<!-- \r\n\tAstounding forms added to top of page\r\n\t<br>\r\n\t<br>\r\n\t<form action=\"https:\/\/naudenaturals.com\/wp-comments-post.php\" method=\"post\" id=\"commentform1\">\r\n\t<p><input name=\"author\" id=\"author\" value=\"\" size=\"22\"  aria-required=\"true\" type=\"text\">\r\n\t<label for=\"author\"><small>Name (required)<\/small><\/label><\/p>\r\n\r\n\t<p><input name=\"email\" id=\"email\" value=\"\" size=\"22\"  aria-required=\"true\" type=\"text\">\r\n\t<label for=\"email\"><small>Mail (will not be published) (required)<\/small><\/label><\/p>\r\n\r\n\t<p><input name=\"url\" id=\"url\" value=\"\" size=\"22\" type=\"text\">\r\n\t<label for=\"url\"><small>Website<\/small><\/label><\/p>\r\n\t<p><textarea name=\"comment\" id=\"comment\" cols=\"58\" rows=\"10\" ><\/textarea><\/p>\r\n\r\n\t<p>\r\n\t<input name=\"comment_post_ID\" value=\"19820\" id=\"comment_post_ID\" type=\"hidden\">\r\n\t<input name=\"comment_parent\" id=\"comment_parent\" value=\"0\" type=\"hidden\">\r\n\t<\/p>\r\n\r\n\t<p><input id=\"astound_comment_nonce\" name=\"astound_comment_nonce\" value=\"ca4acd89aa\" type=\"hidden\"><\/p>\r\n\t<\/form>\r\n\r\n<form name=\"registerform\" id=\"registerform\" action=\"https:\/\/naudenaturals.com\/wp-login.php?action=register\" method=\"post\" novalidate=\"novalidate\">\r\n\t<p>\r\n\t\t<label for=\"user_login\">Username<br>\r\n\t\t<input name=\"user_login\" id=\"user_login\" class=\"input\" value=\"\" size=\"20\" type=\"text\"><\/label>\r\n\t<\/p>\r\n\t<p>\r\n\t\t<label for=\"user_email\">Email<br>\r\n\t\t<input name=\"user_email\" id=\"user_email\" class=\"input\" value=\"\" size=\"25\" type=\"email\"><\/label>\r\n\t<\/p>\r\n\t\t<p id=\"reg_passmail\">Registration confirmation will be emailed to you.<\/p>\r\n\t<br class=\"clear\">\r\n\t<input name=\"redirect_to\" value=\"\" type=\"hidden\">\r\n\t<p class=\"submit\"><input name=\"wp-submit\" id=\"wp-submit\" class=\"button button-primary \t<p><input id=\"astound_comment_nonce\" name=\"astound_comment_nonce\" value=\"ca4acd89aa\" button-large\" value=\"Register\" type=\"submit\"><\/p>\r\n<\/form>\r\n\r\n\t-->\r\n\t<p class=\"translation-block\"><span style=\"font-size: 100%\"><strong>In the soap workshop, you will get to know cold process soap. <\/strong><\/span><strong><span style=\"font-size: 100%\">You will learn about the role of different butters and oils in soap, the pH of natural soap, which functional additives to choose and what you can use to decorate your soap and for perfuming.<\/span><\/strong><\/p>\n<p><span style=\"font-size: 100%;\">Kasutame nii looduslikke koostisosi, kui spetsiaalseid v\u00e4rvipigmente ja aroom\u00f5lisid oma seebi v\u00e4rvimiseks ja l\u00f5hnastamiseks. R\u00e4\u00e4gime, kuidas seebi pH m\u00f5jutab sinu t\u00f6\u00f6 tulemust ning mida silmas pidada k\u00e4sit\u00f6\u00f6seebi valmistamisel. Tulemuseks armsalt v\u00e4rviline ja h\u00e4sti l\u00f5hnav k\u00fclmprotsess-seep.<\/span><\/p>\n<p><span style=\"font-size: 100%;\">In this workshop you can hone your skills and experiment with different techniques, colors and scents in cold process soap. You can go regularly to test new additives, colors and scents for the kind of soap you've seen on the internet! That way, you don't have to immediately stock up on all the accessories and raw materials at home or clean up and wash the dishes later \ud83d\ude42<\/span><\/p>\n<p><em>T\u00f6\u00f6toa hind sisaldab k\u00f5iki t\u00f6\u00f6vahendeid ja materjale, loengut, retsepti, parkimist, paki saatmise tasu, 1-2h kasulikult kvaliteetaega!<\/em><\/p>\n<p><strong><em>PS! Vali ostu vormistades pakiterminal, kuhu peale seebi vormis tahenemist selle saadame.\u00a0<\/em><\/strong><\/p>\n<p>&nbsp;<\/p>\n<p>&nbsp;<\/p>","protected":false},"excerpt":{"rendered":"<p>In the handmade soap workshop, you will get to know the raw materials and techniques of making soap using the cold method. You use both natural and artificial dyes and fragrances and make beautiful soap for yourself.<\/p>\n<p>You can come with a clear vision and a picture on your finger to try it yourself. Or do you have a plan to give someone a nice gift?<\/p>\n<p><em>At the end of the workshop, each participant will have ~ 500 grams of great natural soap!<\/em><\/p>\n<p><em><strong>PS! Avalikke t\u00f6\u00f6tube hetkel ei ole. Teeme t\u00f6\u00f6toa alates 4. osalejale Sinu enda valitud ajal!<\/strong><\/em><\/p>\n<p><em><strong>PLACE: Tehnopol Science Park<\/strong><\/em><\/p>\n<p><strong><em>DURATION: ~ 2 h.<\/em><\/strong><\/p>","protected":false},"featured_media":20562,"comment_status":"open","ping_status":"closed","template":"","meta":[],"product_brand":[],"product_cat":[194],"product_tag":[],"class_list":{"0":"post-19820","1":"product","2":"type-product","3":"status-publish","4":"has-post-thumbnail","6":"product_cat-seebi-tootoad","8":"first","9":"instock","10":"shipping-taxable","11":"purchasable","12":"product-type-simple"},"_links":{"self":[{"href":"https:\/\/naudenaturals.com\/en\/wp-json\/wp\/v2\/product\/19820","targetHints":{"allow":["GET"]}}],"collection":[{"href":"https:\/\/naudenaturals.com\/en\/wp-json\/wp\/v2\/product"}],"about":[{"href":"https:\/\/naudenaturals.com\/en\/wp-json\/wp\/v2\/types\/product"}],"replies":[{"embeddable":true,"href":"https:\/\/naudenaturals.com\/en\/wp-json\/wp\/v2\/comments?post=19820"}],"wp:featuredmedia":[{"embeddable":true,"href":"https:\/\/naudenaturals.com\/en\/wp-json\/wp\/v2\/media\/20562"}],"wp:attachment":[{"href":"https:\/\/naudenaturals.com\/en\/wp-json\/wp\/v2\/media?parent=19820"}],"wp:term":[{"taxonomy":"product_brand","embeddable":true,"href":"https:\/\/naudenaturals.com\/en\/wp-json\/wp\/v2\/product_brand?post=19820"},{"taxonomy":"product_cat","embeddable":true,"href":"https:\/\/naudenaturals.com\/en\/wp-json\/wp\/v2\/product_cat?post=19820"},{"taxonomy":"product_tag","embeddable":true,"href":"https:\/\/naudenaturals.com\/en\/wp-json\/wp\/v2\/product_tag?post=19820"}],"curies":[{"name":"wp","href":"https:\/\/api.w.org\/{rel}","templated":true}]}}