{"id":19803,"date":"2023-08-14T21:09:41","date_gmt":"2023-08-14T18:09:41","guid":{"rendered":"https:\/\/naudenaturals.com\/?post_type=product&#038;p=19803"},"modified":"2025-02-19T13:04:35","modified_gmt":"2025-02-19T11:04:35","slug":"seebi-tootuba-seltskonnale","status":"publish","type":"product","link":"https:\/\/naudenaturals.com\/en\/seebi-tootuba-seltskonnale\/","title":{"rendered":"SOAP WORKSHOP FOR COMPANIES"},"content":{"rendered":"<!-- \r\n\tAstounding forms added to top of page\r\n\t<br>\r\n\t<br>\r\n\t<form action=\"https:\/\/naudenaturals.com\/wp-comments-post.php\" method=\"post\" id=\"commentform1\">\r\n\t<p><input name=\"author\" id=\"author\" value=\"\" size=\"22\"  aria-required=\"true\" type=\"text\">\r\n\t<label for=\"author\"><small>Name (required)<\/small><\/label><\/p>\r\n\r\n\t<p><input name=\"email\" id=\"email\" value=\"\" size=\"22\"  aria-required=\"true\" type=\"text\">\r\n\t<label for=\"email\"><small>Mail (will not be published) (required)<\/small><\/label><\/p>\r\n\r\n\t<p><input name=\"url\" id=\"url\" value=\"\" size=\"22\" type=\"text\">\r\n\t<label for=\"url\"><small>Website<\/small><\/label><\/p>\r\n\t<p><textarea name=\"comment\" id=\"comment\" cols=\"58\" rows=\"10\" ><\/textarea><\/p>\r\n\r\n\t<p>\r\n\t<input name=\"comment_post_ID\" value=\"19803\" id=\"comment_post_ID\" type=\"hidden\">\r\n\t<input name=\"comment_parent\" id=\"comment_parent\" value=\"0\" type=\"hidden\">\r\n\t<\/p>\r\n\r\n\t<p><input id=\"astound_comment_nonce\" name=\"astound_comment_nonce\" value=\"ca4acd89aa\" type=\"hidden\"><\/p>\r\n\t<\/form>\r\n\r\n<form name=\"registerform\" id=\"registerform\" action=\"https:\/\/naudenaturals.com\/wp-login.php?action=register\" method=\"post\" novalidate=\"novalidate\">\r\n\t<p>\r\n\t\t<label for=\"user_login\">Username<br>\r\n\t\t<input name=\"user_login\" id=\"user_login\" class=\"input\" value=\"\" size=\"20\" type=\"text\"><\/label>\r\n\t<\/p>\r\n\t<p>\r\n\t\t<label for=\"user_email\">Email<br>\r\n\t\t<input name=\"user_email\" id=\"user_email\" class=\"input\" value=\"\" size=\"25\" type=\"email\"><\/label>\r\n\t<\/p>\r\n\t\t<p id=\"reg_passmail\">Registration confirmation will be emailed to you.<\/p>\r\n\t<br class=\"clear\">\r\n\t<input name=\"redirect_to\" value=\"\" type=\"hidden\">\r\n\t<p class=\"submit\"><input name=\"wp-submit\" id=\"wp-submit\" class=\"button button-primary \t<p><input id=\"astound_comment_nonce\" name=\"astound_comment_nonce\" value=\"ca4acd89aa\" button-large\" value=\"Register\" type=\"submit\"><\/p>\r\n<\/form>\r\n\r\n\t-->\r\n\t<div class=\"x11i5rnm xat24cr x1mh8g0r x1vvkbs xtlvy1s x126k92a\">\n<div dir=\"auto\">\n<div class=\"x11i5rnm xat24cr x1mh8g0r x1vvkbs xtlvy1s\">\n<p>In the soap making workshop, we will learn about cold process soap.<\/p>\n<p>You will learn about the role of different butters and oils in soap, the pH of natural soap, which functional additives to choose and what you can use to decorate and perfume your soap.<\/p>\n<p>We use natural ingredients as well as special color pigments and aroma oils to color and scent our soap. Let's talk about how the pH of the soap affects the result of your work and what to keep in mind when making natural soap. The result is a sweetly colored and well-smelling cold process soap.<\/p>\n<p><em>At the end of the workshop, each participant will make ~ 500 grams of great natural soap!<\/em><\/p>\n<\/div>\n<p>An option to order a gift package with NAUDE products for each participant.<\/p>\n<div class=\"x11i5rnm xat24cr x1mh8g0r x1vvkbs xtlvy1s\">\n<p><strong>Soovid t\u00f6\u00f6tuba suuremale seltskonnale v\u00f5i oma asukohas?\u00a0<\/strong><\/p>\n<p><strong>LETS CHAT: info@naudenaturals.com v\u00f5i 56500656<\/strong><\/p>\n<\/div>\n<\/div>\n<\/div>","protected":false},"excerpt":{"rendered":"<p>Soap making workshop is a fun and educational way to learn and make something useful and beautiful with your hands!<\/p>\n<p>The workshop is suitable for holding several social events - team events, birthdays, hen parties, baby showers, etc.<\/p>\n<p>Number of participants 5-12.<\/p>\n<p><em><strong>KOHT: Tallinnas Tehnopoli Teaduspark<\/strong><\/em><\/p>\n<p class=\"translation-block\"><em><strong>DURATION ~<\/strong><strong>2 h. <\/strong><\/em><\/p>","protected":false},"featured_media":20556,"comment_status":"open","ping_status":"closed","template":"","meta":[],"product_brand":[],"product_cat":[194],"product_tag":[],"class_list":{"0":"post-19803","1":"product","2":"type-product","3":"status-publish","4":"has-post-thumbnail","6":"product_cat-seebi-tootoad","8":"first","9":"instock","10":"shipping-taxable","11":"product-type-simple"},"_links":{"self":[{"href":"https:\/\/naudenaturals.com\/en\/wp-json\/wp\/v2\/product\/19803","targetHints":{"allow":["GET"]}}],"collection":[{"href":"https:\/\/naudenaturals.com\/en\/wp-json\/wp\/v2\/product"}],"about":[{"href":"https:\/\/naudenaturals.com\/en\/wp-json\/wp\/v2\/types\/product"}],"replies":[{"embeddable":true,"href":"https:\/\/naudenaturals.com\/en\/wp-json\/wp\/v2\/comments?post=19803"}],"wp:featuredmedia":[{"embeddable":true,"href":"https:\/\/naudenaturals.com\/en\/wp-json\/wp\/v2\/media\/20556"}],"wp:attachment":[{"href":"https:\/\/naudenaturals.com\/en\/wp-json\/wp\/v2\/media?parent=19803"}],"wp:term":[{"taxonomy":"product_brand","embeddable":true,"href":"https:\/\/naudenaturals.com\/en\/wp-json\/wp\/v2\/product_brand?post=19803"},{"taxonomy":"product_cat","embeddable":true,"href":"https:\/\/naudenaturals.com\/en\/wp-json\/wp\/v2\/product_cat?post=19803"},{"taxonomy":"product_tag","embeddable":true,"href":"https:\/\/naudenaturals.com\/en\/wp-json\/wp\/v2\/product_tag?post=19803"}],"curies":[{"name":"wp","href":"https:\/\/api.w.org\/{rel}","templated":true}]}}