{"id":19782,"date":"2023-08-14T16:02:46","date_gmt":"2023-08-14T13:02:46","guid":{"rendered":"https:\/\/naudenaturals.com\/?post_type=product&#038;p=19782"},"modified":"2025-04-16T13:39:09","modified_gmt":"2025-04-16T10:39:09","slug":"kasitooseebi-meistriklass","status":"publish","type":"product","link":"https:\/\/naudenaturals.com\/en\/kasitooseebi-meistriklass\/","title":{"rendered":"SOAP MASTERCLASS"},"content":{"rendered":"<!-- \r\n\tAstounding forms added to top of page\r\n\t<br>\r\n\t<br>\r\n\t<form action=\"https:\/\/naudenaturals.com\/wp-comments-post.php\" method=\"post\" id=\"commentform1\">\r\n\t<p><input name=\"author\" id=\"author\" value=\"\" size=\"22\"  aria-required=\"true\" type=\"text\">\r\n\t<label for=\"author\"><small>Name (required)<\/small><\/label><\/p>\r\n\r\n\t<p><input name=\"email\" id=\"email\" value=\"\" size=\"22\"  aria-required=\"true\" type=\"text\">\r\n\t<label for=\"email\"><small>Mail (will not be published) (required)<\/small><\/label><\/p>\r\n\r\n\t<p><input name=\"url\" id=\"url\" value=\"\" size=\"22\" type=\"text\">\r\n\t<label for=\"url\"><small>Website<\/small><\/label><\/p>\r\n\t<p><textarea name=\"comment\" id=\"comment\" cols=\"58\" rows=\"10\" ><\/textarea><\/p>\r\n\r\n\t<p>\r\n\t<input name=\"comment_post_ID\" value=\"19782\" id=\"comment_post_ID\" type=\"hidden\">\r\n\t<input name=\"comment_parent\" id=\"comment_parent\" value=\"0\" type=\"hidden\">\r\n\t<\/p>\r\n\r\n\t<p><input id=\"astound_comment_nonce\" name=\"astound_comment_nonce\" value=\"a3a4df875c\" type=\"hidden\"><\/p>\r\n\t<\/form>\r\n\r\n<form name=\"registerform\" id=\"registerform\" action=\"https:\/\/naudenaturals.com\/wp-login.php?action=register\" method=\"post\" novalidate=\"novalidate\">\r\n\t<p>\r\n\t\t<label for=\"user_login\">Username<br>\r\n\t\t<input name=\"user_login\" id=\"user_login\" class=\"input\" value=\"\" size=\"20\" type=\"text\"><\/label>\r\n\t<\/p>\r\n\t<p>\r\n\t\t<label for=\"user_email\">Email<br>\r\n\t\t<input name=\"user_email\" id=\"user_email\" class=\"input\" value=\"\" size=\"25\" type=\"email\"><\/label>\r\n\t<\/p>\r\n\t\t<p id=\"reg_passmail\">Registration confirmation will be emailed to you.<\/p>\r\n\t<br class=\"clear\">\r\n\t<input name=\"redirect_to\" value=\"\" type=\"hidden\">\r\n\t<p class=\"submit\"><input name=\"wp-submit\" id=\"wp-submit\" class=\"button button-primary \t<p><input id=\"astound_comment_nonce\" name=\"astound_comment_nonce\" value=\"a3a4df875c\" button-large\" value=\"Register\" type=\"submit\"><\/p>\r\n<\/form>\r\n\r\n\t-->\r\n\t<p><strong>Meistriklassist l\u00e4hed koju enda valmistatud <em>~<\/em>1,5 kg erineva seebiga ning oled valmis edaspidi iseseisvalt retsepte koostama ning seepi valmistama!<\/strong><\/p>\n<p>Tule, kui sa pole veel ise seepi teinud, aga tahad algust teha v\u00f5i t\u00e4iendada oma teadmisi ja harjutada vilumust. Meistriklassis teeme selgeks, millised rasvained seebi sisse sobivad, mis asi on leelis, kuidas koostada ohutut retsepti, kas seepi keedetakse v\u00f5i k\u00fcpsetatakse, milliseid lisandeid valida, kuidas tekivad mullid, miks m\u00f5ni seep kulub kiiremini, kui teine, miks \u00fcks seep rohkem vahutab ja teine &#8220;sulab&#8221;, jne, jne&#8230;. ning millal ta siis \u00fckskord valmis saab.<\/p>\n<p>&nbsp;<\/p>\n<p><strong>Meistriklass koosneb neljast osast:<\/strong><\/p>\n<p><strong>1. ETTEVALMISTUS &#8211; <\/strong>saad teada, mida on vaja seebi valmistamiseks &#8211; millist varustust vajad, kust saada tooraineid ja vorme, kuidas sildistada ja s\u00e4ilitada ja kuidas p\u00e4rast n\u00f5ud puhtaks saab.<\/p>\n<p><strong>2. SEEBI ABC &#8211;<\/strong> \u00a0tutvume toorainega ja teeme selgeks, millised rasvained seebi sisse sobivad, mis asi on leelis, kuidas koostada ohutut retsepti, eneseohutus seebi valmistamisel.<br \/>\n<em>Valmib (n\u00f5ude)pesuseep.<\/em><\/p>\n<p><strong>3. LOODUSLIKUD SEEBID &#8211;<\/strong> \u00f5pid valima ja kasutama looduslikke koostisosi oma seebi v\u00e4rvimiseks ja l\u00f5hnastamiseks. Tutvume aroomiteraapiaga ja segame kokku oma l\u00f5hnabuketi, Valime erinevate botaaniliste pulbrite, savide ja funktsionaalsete lisandite hulgast lemmiku. R\u00e4\u00e4gime, kuidas seebi pH m\u00f5jutab sinu t\u00f6\u00f6 tulemust ning mida silmas pidada loodusliku seebi valmistamisel.<br \/>\n<em>Valmib &#8220;swirl&#8221; mustriga k\u00fclmprotsess-seep.<\/em><\/p>\n<p><strong>4. V\u00c4RVILISED SEEBID &#8211;<\/strong> tuletame meelde v\u00e4rviteooriat ja loome kauneid harmooniliselt v\u00e4rvilisi mustreid kasutades seebi v\u00e4rvimiseks v\u00e4rvipigmente. Saad valida oma seebile v\u00f5luva l\u00f5hna professionaalsete aroom\u00f5lide hulgast.<br \/>\n<em>Valmib marmor-mustriga k\u00fclmprotsess-seep.<\/em><\/p>\n<p>&nbsp;<\/p>\n<p><strong>Peale meistriklassis osalemist:<\/strong><\/p>\n<p>1. Oskad valida oma seebi jaoks tooraine ja koostada ohutu ja efektiivse formula<\/p>\n<p>2. Oskad valida, ette valmistada ja doseerida looduslikke v\u00e4rv- ja l\u00f5hnaaineid ning lisandeid<\/p>\n<p>3. Tead, mis on ja kuidas kasutada tehislikke v\u00e4rvipigmente ja aroom\u00f5lisid<\/p>\n<p>4. Oskad valida parima tehnika oma seebi valmistamiseks<\/p>\n<p>5. Oskad valmistada mitmev\u00e4rvilist mustriga seepi<\/p>\n<p>6. Ja palju muud!<\/p>\n<p>&nbsp;<\/p>\n<p><strong><em>PS! Vali ostu vormistades pakiterminal, kuhu peale seepide vormis tahenemist selle saadame.<\/em><\/strong><\/p>","protected":false},"excerpt":{"rendered":"<p>Meistriklassis saad teada k\u00f5ike k\u00fclm-meetodil seebi valmistamisest! \u00d5pid tundma seebikeemiat, erinevate v\u00f5ide ja \u00f5lide rolli seebis, praktilises osas teed seepi nii looduslike, kui tehislike v\u00e4rv- ja l\u00f5hnaainetega, ning saad teada, miks seep nii kaua j\u00e4relvalmib. R\u00e4\u00e4gime l\u00e4bi ja v\u00e4ldime levinud vigu ning \u00f5pime, kuidas kodus ohutult seepi valmistada. Meistriklass on privaatne &#8211; ainult Sulle. <em>PS! Kui soovid tulla koos s\u00f5braga, k\u00fcsi pakkumist mitmele osalejale.<\/em><\/p>\n<p><span style=\"color: #4f4e4e;\"><em><strong style=\"font-size: 100%;\">AEG: \u00a0Vali endale sobiv aeg ja v\u00f5ta \u00fchendust!<\/strong><\/em><\/span><\/p>\n<p><span style=\"color: #4f4e4e;\"><em><strong style=\"font-size: 100%;\">PLACE: Tehnopol Science Park<\/strong><\/em><\/span><\/p>\n<p><span style=\"color: #4f4e4e;\"><em><strong style=\"font-size: 100%;\">KESTUS ~ 3-4h.<\/strong><\/em><\/span><\/p>\n<p>&nbsp;<\/p>","protected":false},"featured_media":20555,"comment_status":"open","ping_status":"closed","template":"","meta":[],"product_brand":[],"product_cat":[194],"product_tag":[],"class_list":{"0":"post-19782","1":"product","2":"type-product","3":"status-publish","4":"has-post-thumbnail","6":"product_cat-seebi-tootoad","8":"first","9":"instock","10":"shipping-taxable","11":"purchasable","12":"product-type-simple"},"_links":{"self":[{"href":"https:\/\/naudenaturals.com\/en\/wp-json\/wp\/v2\/product\/19782","targetHints":{"allow":["GET"]}}],"collection":[{"href":"https:\/\/naudenaturals.com\/en\/wp-json\/wp\/v2\/product"}],"about":[{"href":"https:\/\/naudenaturals.com\/en\/wp-json\/wp\/v2\/types\/product"}],"replies":[{"embeddable":true,"href":"https:\/\/naudenaturals.com\/en\/wp-json\/wp\/v2\/comments?post=19782"}],"wp:featuredmedia":[{"embeddable":true,"href":"https:\/\/naudenaturals.com\/en\/wp-json\/wp\/v2\/media\/20555"}],"wp:attachment":[{"href":"https:\/\/naudenaturals.com\/en\/wp-json\/wp\/v2\/media?parent=19782"}],"wp:term":[{"taxonomy":"product_brand","embeddable":true,"href":"https:\/\/naudenaturals.com\/en\/wp-json\/wp\/v2\/product_brand?post=19782"},{"taxonomy":"product_cat","embeddable":true,"href":"https:\/\/naudenaturals.com\/en\/wp-json\/wp\/v2\/product_cat?post=19782"},{"taxonomy":"product_tag","embeddable":true,"href":"https:\/\/naudenaturals.com\/en\/wp-json\/wp\/v2\/product_tag?post=19782"}],"curies":[{"name":"wp","href":"https:\/\/api.w.org\/{rel}","templated":true}]}}