{"id":14648,"date":"2022-01-29T09:39:52","date_gmt":"2022-01-29T07:39:52","guid":{"rendered":"https:\/\/naudenaturals.com\/?post_type=product&#038;p=14648"},"modified":"2026-03-23T12:40:42","modified_gmt":"2026-03-23T10:40:42","slug":"deo-kreem-no-2","status":"publish","type":"product","link":"https:\/\/naudenaturals.com\/en\/deo-kreem-no-2\/","title":{"rendered":"DEO pit paste No.2"},"content":{"rendered":"<!-- \r\n\tAstounding forms added to top of page\r\n\t<br>\r\n\t<br>\r\n\t<form action=\"https:\/\/naudenaturals.com\/wp-comments-post.php\" method=\"post\" id=\"commentform1\">\r\n\t<p><input name=\"author\" id=\"author\" value=\"\" size=\"22\"  aria-required=\"true\" type=\"text\">\r\n\t<label for=\"author\"><small>Name (required)<\/small><\/label><\/p>\r\n\r\n\t<p><input name=\"email\" id=\"email\" value=\"\" size=\"22\"  aria-required=\"true\" type=\"text\">\r\n\t<label for=\"email\"><small>Mail (will not be published) (required)<\/small><\/label><\/p>\r\n\r\n\t<p><input name=\"url\" id=\"url\" value=\"\" size=\"22\" type=\"text\">\r\n\t<label for=\"url\"><small>Website<\/small><\/label><\/p>\r\n\t<p><textarea name=\"comment\" id=\"comment\" cols=\"58\" rows=\"10\" ><\/textarea><\/p>\r\n\r\n\t<p>\r\n\t<input name=\"comment_post_ID\" value=\"14648\" id=\"comment_post_ID\" type=\"hidden\">\r\n\t<input name=\"comment_parent\" id=\"comment_parent\" value=\"0\" type=\"hidden\">\r\n\t<\/p>\r\n\r\n\t<p><input id=\"astound_comment_nonce\" name=\"astound_comment_nonce\" value=\"a3a4df875c\" type=\"hidden\"><\/p>\r\n\t<\/form>\r\n\r\n<form name=\"registerform\" id=\"registerform\" action=\"https:\/\/naudenaturals.com\/wp-login.php?action=register\" method=\"post\" novalidate=\"novalidate\">\r\n\t<p>\r\n\t\t<label for=\"user_login\">Username<br>\r\n\t\t<input name=\"user_login\" id=\"user_login\" class=\"input\" value=\"\" size=\"20\" type=\"text\"><\/label>\r\n\t<\/p>\r\n\t<p>\r\n\t\t<label for=\"user_email\">Email<br>\r\n\t\t<input name=\"user_email\" id=\"user_email\" class=\"input\" value=\"\" size=\"25\" type=\"email\"><\/label>\r\n\t<\/p>\r\n\t\t<p id=\"reg_passmail\">Registration confirmation will be emailed to you.<\/p>\r\n\t<br class=\"clear\">\r\n\t<input name=\"redirect_to\" value=\"\" type=\"hidden\">\r\n\t<p class=\"submit\"><input name=\"wp-submit\" id=\"wp-submit\" class=\"button button-primary \t<p><input id=\"astound_comment_nonce\" name=\"astound_comment_nonce\" value=\"a3a4df875c\" button-large\" value=\"Register\" type=\"submit\"><\/p>\r\n<\/form>\r\n\r\n\t-->\r\n\t<p><strong>The subtle bitter-sweet aroma of grapefruit and palmarosa creates a sensation of summer and tenderness. Rich in the powerful antioxidant d-limonene, Deo Pit Paste promotes overall wellness while bringing about a sense of well-being, creativity, and feeling of joy. With this deo, you\u2019ll be ready to melt hearts!<\/strong><\/p>\n<p>An all-natural antimicrobial and nourishing deodorant paste that works wonders without the use of synthetics. It is formulated to neutralise odour causing bacteria and keep body odour at bay leaving your armpits smelling fresh, however much you sweat!<\/p>\n<p>Depending on your personal needs, this product typically lasts for 2-6 months.<\/p>\n<p>\u2800\u2800\u2800\u2800\u2800\u2800\u2800\u2800\u2800<\/p>\n<p><strong>HOW TO USE<\/strong><\/p>\n<p>Apply the paste with fingertips, just like facial cream ensuring your armpits are still slightly damp after washing. Allow five minutes for the deodorant to absorb into your skin before getting dressed. A little goes a long way \u2013 if it feels greasy, you may have used too much.<\/p>\n<p>&nbsp;<\/p>\n<p><strong>PLEASE NOTE<\/strong><\/p>\n<p>Ainult v\u00e4lispidiseks kasutamiseks. Hoia lastele k\u00e4ttesaamatus kohas. S\u00e4ilita deo-kreemi kuivas ja jahedas, eemal kuumaallikatest ja otsesest p\u00e4ikesevalgusest &#8211; see toode pehmeneb\/sulab temperatuuril \u00fcle 25C. V\u00f5ib p\u00f5hjustada \u00e4rritust peale raseerimist, seep\u00e4rast kasuta kindlasti kva liteetset ja teravat raseerijat, et v\u00e4ltida mikrohaavade teket.<\/p>\n<p>&nbsp;<\/p>\n<p><strong>INGREDIENTS (INCI)<\/strong><\/p>\n<p>Tapioca Starch, Cocos Nucifera (Coconut) Oil, Butyrospermum Parkii (Shea) Butter, Sodium Bicarbonate, Avena Sativa (Oat) Kernel Oil, Hydrogenated Vegetable Oil, Kaolin, Simmondsia Chinensis (Jojoba) Seed Oil, Aroma* Tocopherol (Vitamin E), d-Limonene*, Linalol*, Citral*<\/p>\n<p>*Natural essential oils<\/p>","protected":false},"excerpt":{"rendered":"<p>A delicate and feminine smelling potion that keeps your armpits nourished and fresh. This creamy balm melts into skin effortlessly and is perfect for daily use.<\/p>\n<p>It is made without aluminium salts and allows your body and skin to function like it is meant to.<\/p>\n<p>Keeping sweat and smell at bay all day long it is a perfect fit for your travels and sporty adventures!<\/p>\n<p><em>30ml<\/em><\/p>\n<p>&nbsp;<\/p>","protected":false},"featured_media":17600,"comment_status":"open","ping_status":"closed","template":"","meta":[],"product_brand":[],"product_cat":[177],"product_tag":[],"class_list":{"0":"post-14648","1":"product","2":"type-product","3":"status-publish","4":"has-post-thumbnail","6":"product_cat-deo","8":"first","9":"instock","10":"purchasable","11":"product-type-simple"},"_links":{"self":[{"href":"https:\/\/naudenaturals.com\/en\/wp-json\/wp\/v2\/product\/14648","targetHints":{"allow":["GET"]}}],"collection":[{"href":"https:\/\/naudenaturals.com\/en\/wp-json\/wp\/v2\/product"}],"about":[{"href":"https:\/\/naudenaturals.com\/en\/wp-json\/wp\/v2\/types\/product"}],"replies":[{"embeddable":true,"href":"https:\/\/naudenaturals.com\/en\/wp-json\/wp\/v2\/comments?post=14648"}],"wp:featuredmedia":[{"embeddable":true,"href":"https:\/\/naudenaturals.com\/en\/wp-json\/wp\/v2\/media\/17600"}],"wp:attachment":[{"href":"https:\/\/naudenaturals.com\/en\/wp-json\/wp\/v2\/media?parent=14648"}],"wp:term":[{"taxonomy":"product_brand","embeddable":true,"href":"https:\/\/naudenaturals.com\/en\/wp-json\/wp\/v2\/product_brand?post=14648"},{"taxonomy":"product_cat","embeddable":true,"href":"https:\/\/naudenaturals.com\/en\/wp-json\/wp\/v2\/product_cat?post=14648"},{"taxonomy":"product_tag","embeddable":true,"href":"https:\/\/naudenaturals.com\/en\/wp-json\/wp\/v2\/product_tag?post=14648"}],"curies":[{"name":"wp","href":"https:\/\/api.w.org\/{rel}","templated":true}]}}