{"id":12181,"date":"2019-03-26T19:49:17","date_gmt":"2019-03-26T19:49:17","guid":{"rendered":"https:\/\/naudenaturals.com\/?page_id=12181"},"modified":"2024-02-13T13:22:11","modified_gmt":"2024-02-13T11:22:11","slug":"kupsised-ja-privaatsus","status":"publish","type":"page","link":"https:\/\/naudenaturals.com\/en\/kupsised-ja-privaatsus\/","title":{"rendered":"Cookie policy"},"content":{"rendered":"<!-- \r\n\tAstounding forms added to top of page\r\n\t<br>\r\n\t<br>\r\n\t<form action=\"https:\/\/naudenaturals.com\/wp-comments-post.php\" method=\"post\" id=\"commentform1\">\r\n\t<p><input name=\"author\" id=\"author\" value=\"\" size=\"22\"  aria-required=\"true\" type=\"text\">\r\n\t<label for=\"author\"><small>Name (required)<\/small><\/label><\/p>\r\n\r\n\t<p><input name=\"email\" id=\"email\" value=\"\" size=\"22\"  aria-required=\"true\" type=\"text\">\r\n\t<label for=\"email\"><small>Mail (will not be published) (required)<\/small><\/label><\/p>\r\n\r\n\t<p><input name=\"url\" id=\"url\" value=\"\" size=\"22\" type=\"text\">\r\n\t<label for=\"url\"><small>Website<\/small><\/label><\/p>\r\n\t<p><textarea name=\"comment\" id=\"comment\" cols=\"58\" rows=\"10\" ><\/textarea><\/p>\r\n\r\n\t<p>\r\n\t<input name=\"comment_post_ID\" value=\"12181\" id=\"comment_post_ID\" type=\"hidden\">\r\n\t<input name=\"comment_parent\" id=\"comment_parent\" value=\"0\" type=\"hidden\">\r\n\t<\/p>\r\n\r\n\t<p><input id=\"astound_comment_nonce\" name=\"astound_comment_nonce\" value=\"6c5dfb9e4e\" type=\"hidden\"><\/p>\r\n\t<\/form>\r\n\r\n<form name=\"registerform\" id=\"registerform\" action=\"https:\/\/naudenaturals.com\/wp-login.php?action=register\" method=\"post\" novalidate=\"novalidate\">\r\n\t<p>\r\n\t\t<label for=\"user_login\">Username<br>\r\n\t\t<input name=\"user_login\" id=\"user_login\" class=\"input\" value=\"\" size=\"20\" type=\"text\"><\/label>\r\n\t<\/p>\r\n\t<p>\r\n\t\t<label for=\"user_email\">Email<br>\r\n\t\t<input name=\"user_email\" id=\"user_email\" class=\"input\" value=\"\" size=\"25\" type=\"email\"><\/label>\r\n\t<\/p>\r\n\t\t<p id=\"reg_passmail\">Registration confirmation will be emailed to you.<\/p>\r\n\t<br class=\"clear\">\r\n\t<input name=\"redirect_to\" value=\"\" type=\"hidden\">\r\n\t<p class=\"submit\"><input name=\"wp-submit\" id=\"wp-submit\" class=\"button button-primary \t<p><input id=\"astound_comment_nonce\" name=\"astound_comment_nonce\" value=\"6c5dfb9e4e\" button-large\" value=\"Register\" type=\"submit\"><\/p>\r\n<\/form>\r\n\r\n\t-->\r\n\t\n<p><strong>K\u00dcPSISED JA PRIVAATSUS<\/strong><\/p>\n<p>\u00a0<\/p>\n<p>1.\u00a0\u00a0\u00a0\u00a0\u00a0 PRIVAATSUSPOLIITIKA<\/p>\n<p>1)\u00a0\u00a0\u00a0\u00a0 Kui n\u00f5ustute saama uudiskirju e-posti teel, kinnitate, et olete kursis, et:<\/p>\n<p>Teie e-posti aadressi kasutatakse SoulFood O\u00dc teenuste ja toodetega seotud \u00e4riteadete saatmiseks;<\/p>\n<p>2)\u00a0\u00a0\u00a0 Teie isikuandmeid t\u00f6\u00f6tleme meie ja meie \u00e4ripartnerid, kes pakuvad IT-struktuure ja meiliplatvorme;<\/p>\n<p>3)\u00a0\u00a0\u00a0 Teil on \u00f5igus sisestatud isikuandmeid igal ajal parandada v\u00f5i \u00e4riteadete saamiseks antud n\u00f5usolek t\u00fchistada;<\/p>\n<p>4)\u00a0\u00a0\u00a0 SoulFood O\u00dc l\u00f5petab \u00e4riteadete saatmise kohe p\u00e4rast Teie p\u00e4ringu menetlemist (pange t\u00e4hele, et p\u00e4ringu t\u00f6\u00f6tlemine s\u00f5ltub tehnoloogilistest v\u00f5imalustest Teie p\u00e4ringule reageerimiseks, mis v\u00f5ib kesta kuni viis p\u00e4eva);<\/p>\n<p>5)\u00a0\u00a0\u00a0 Teie isikuandmeid t\u00f6\u00f6deldakse seni, kuni te oma n\u00f5usoleku tagasi v\u00f5tate v\u00f5i teatud juhtudel kuni vajadus s\u00e4ilitada t\u00f5endeid saadud n\u00f5usoleku kohta, aegub.<\/p>\n<p>6)\u00a0\u00a0\u00a0 T\u00e4iendav teave on saadaval Tingimustes.<\/p>\n<p>\u00a0<\/p>\n<p>2.\u00a0\u00a0\u00a0\u00a0 K\u00dcPSISE EESKIRJAD<\/p>\n<p>Selles k\u00fcpsiste poliitikas t\u00e4hendab s\u00f5nade &#8220;teie&#8221;, &#8220;teie&#8221; v\u00f5i sarnaste v\u00e4ljendite kasutamine selle veebisaidi mis tahes kasutajat. M\u00f5isted nagu \u201cmeie\u201d, \u201cmeie, \u201cmeie\u201d vms v\u00e4ljendid t\u00e4hendavad NAUDE, SoulFood O\u00dc.<\/p>\n<p>\u00a0<\/p>\n<p>3.\u00a0\u00a0\u00a0\u00a0 MIS ON K\u00dcPSISED?<\/p>\n<p>K\u00fcpsised on v\u00e4ikesed teabekillud, mille teie brauser salvestab teie arvuti k\u00f5vakettale. Neid kasutatakse sageli mehhanismina, et veebisaidid j\u00e4taksid meelde kasuliku teabe, n\u00e4iteks teie sisselogimisandmed, ja need v\u00f5ivad veebisaidil navigeerimisel h\u00f5lbustada. Meie k\u00fcpsised ei suuda teid isiklikult tuvastada.<\/p>\n<p>\u00a0<\/p>\n<p>4.\u00a0\u00a0\u00a0\u00a0 KUIDAS ME K\u00dcPSISTE KASUTAMINE<\/p>\n<p>1)\u00a0\u00a0\u00a0\u00a0 Meie veebisaidil olevaid k\u00fcpsiseid kasutatakse erinevatel eesm\u00e4rkidel, kuid \u00fcldiselt jaguneb nende kasutamine j\u00e4rgmisteks kategooriateks:<\/p>\n<p>a.\u00a0\u00a0\u00a0\u00a0 Rangelt vajalikud k\u00fcpsised: need on vajalikud meie veebisaidi toimimiseks. Nende hulka kuuluvad n\u00e4iteks k\u00fcpsised, mis v\u00f5imaldavad teil sisse logida meie veebisaidi turvalistele aladele.<\/p>\n<p>b.\u00a0\u00a0\u00a0 Anal\u00fc\u00fctilised\/j\u00f5udlusk\u00fcpsised: need v\u00f5imaldavad meil \u00e4ra tunda ja lugeda meie veebisaidi kasutajate arvu ning n\u00e4ha, kuidas sellised kasutajad meie veebisaidil navigeerivad. See aitab parandada meie veebisaidi toimimist, n\u00e4iteks tagades, et kasutajad leiavad otsitava h\u00f5lpsalt \u00fcles.<\/p>\n<p>c.\u00a0\u00a0\u00a0\u00a0 Funktsionaalsusk\u00fcpsised: need parandavad meie veebisaidi funktsionaalset j\u00f5udlust ja muudavad selle kasutamise teie jaoks lihtsamaks. N\u00e4iteks kasutatakse selliseid k\u00fcpsiseid selleks, et meeles pidada, et olete veebisaiti varem k\u00fclastanud ja palunud j\u00e4\u00e4da sellele sisse logituks<\/p>\n<p>d.\u00a0\u00a0\u00a0 Sihtk\u00fcpsised: need salvestavad teie k\u00fclastuse meie veebisaidile, k\u00fclastatud lehti ja linke, mida olete j\u00e4rginud. Seej\u00e4rel kasutame seda teavet, et muuta sellel kuvatavad reklaamid teie huvidele asjakohasemaks.<\/p>\n<p>\u00a0<\/p>\n<p>5.\u00a0\u00a0\u00a0\u00a0 KUIDAS K\u00dcPSISEID PIIRATA JA KUSTUTADA<\/p>\n<p>Kui soovite k\u00fcpsiseid piirata, blokeerida v\u00f5i kustutada, on see v\u00f5imalus teie kasutatava brauseri seadete muutmisel tagatud. Te ei saa loobuda oluliste ja funktsionaalsete k\u00fcpsiste kasutamisest, sest ilma nendeta ei ole v\u00f5imalik tagada Veebilehe funktsionaalsust. Samuti ei saa te anal\u00fc\u00fctiliste k\u00fcpsiste kasutamisest loobuda, kuna need on vajalikud meie veebisaidi toimivuse parandamiseks.<\/p>\n<p>\u00a0<\/p>\n<p>6.\u00a0\u00a0\u00a0 PRIVAATSUSPOLIITIKA MUUDATUSED<\/p>\n<p>Meil on igal ajal \u00f5igus teha privaatsuspoliitikasse muudatusi, postitades need veebisaidile. K\u00f5ik veebisaidile postitatud privaatsuspoliitika versioonid asendavad k\u00f5ik privaatsuspoliitika varasemad versioonid ja j\u00f5ustuvad kohe p\u00e4rast postitamist.<\/p>\n<p>\u00a0<\/p>\n<p>7.\u00a0\u00a0\u00a0\u00a0 KONTAKT<\/p>\n<p>K\u00fcpsisepoliitikaga seotud k\u00fcsimused, kommentaarid ja taotlused tuleb saata aadressil info@naudenaturals.com.<\/p>","protected":false},"excerpt":{"rendered":"","protected":false},"author":1,"featured_media":0,"parent":0,"menu_order":0,"comment_status":"closed","ping_status":"closed","template":"","meta":{"footnotes":""},"class_list":["post-12181","page","type-page","status-publish","hentry"],"_links":{"self":[{"href":"https:\/\/naudenaturals.com\/en\/wp-json\/wp\/v2\/pages\/12181","targetHints":{"allow":["GET"]}}],"collection":[{"href":"https:\/\/naudenaturals.com\/en\/wp-json\/wp\/v2\/pages"}],"about":[{"href":"https:\/\/naudenaturals.com\/en\/wp-json\/wp\/v2\/types\/page"}],"author":[{"embeddable":true,"href":"https:\/\/naudenaturals.com\/en\/wp-json\/wp\/v2\/users\/1"}],"replies":[{"embeddable":true,"href":"https:\/\/naudenaturals.com\/en\/wp-json\/wp\/v2\/comments?post=12181"}],"version-history":[{"count":0,"href":"https:\/\/naudenaturals.com\/en\/wp-json\/wp\/v2\/pages\/12181\/revisions"}],"wp:attachment":[{"href":"https:\/\/naudenaturals.com\/en\/wp-json\/wp\/v2\/media?parent=12181"}],"curies":[{"name":"wp","href":"https:\/\/api.w.org\/{rel}","templated":true}]}}